{"id":386,"date":"2020-09-11T16:46:00","date_gmt":"2020-09-11T16:46:00","guid":{"rendered":"https:\/\/www.itsi.edu.ni\/?page_id=386"},"modified":"2026-05-05T16:36:26","modified_gmt":"2026-05-05T16:36:26","slug":"institucion","status":"publish","type":"page","link":"https:\/\/www.itsi.edu.ni\/","title":{"rendered":"INSTITUCI\u00d3N"},"content":{"rendered":"\n<div class=\"wp-block-group\"><div class=\"wp-block-group__inner-container is-layout-flow wp-block-group-is-layout-flow\">\n<h2 class=\"wp-block-heading has-text-align-center has-text-color\" style=\"color:#ba0c49;font-size:38px\">          Nuestra Historia <\/h2>\n\n\n\n<p style=\"font-size:15px\" align=\"justify\">El Instituto T\u00e9cnico ITSI. Es un centro de capacitaci\u00f3n especializado en el \u00e1rea de computaci\u00f3n, adscrito al Instituto Nacional Tecnol\u00f3gico (INATEC). Su misi\u00f3n es formar talento humano altamente capacitado en los sectores de tecnolog\u00eda, administraci\u00f3n y comercio, contribuyendo as\u00ed al desarrollo profesional y productivo del pa\u00eds.\nDespu\u00e9s de m\u00e1s de dos d\u00e9cadas de compromiso con la formaci\u00f3n t\u00e9cnica, hemos decidido dar un paso adelante, modernizando nuestra identidad y ampliando nuestro alcance educativo.\nEste renacimiento no representa un cambio en nuestra esencia, sino una evoluci\u00f3n. Mantenemos intactos la experiencia, el prestigio y la trayectoria que distinguieron a SYDICOM, y los proyectamos ahora con una visi\u00f3n renovada bajo el nombre de ITSI.\n<\/p>\n\n\n\n<div class=\"wp-block-columns is-layout-flex wp-container-core-columns-is-layout-9d6595d7 wp-block-columns-is-layout-flex\">\n<div class=\"wp-block-column is-layout-flow wp-block-column-is-layout-flow\">\n<p class=\"has-text-align-center has-black-color has-pale-cyan-blue-background-color has-text-color has-background\">MISI\u00d3N<\/p>\n\n\n\n<p style=\"font-size:15px\" align=\"justify\">Formar profesionales altamente calificado en las \u00e1reas de tecnolog\u00eda, administraci\u00f3n y comercio, con el objetivo de ampliar y fortalecer las oportunidades de inserci\u00f3n laboral inmediata de nuestros egresados, brind\u00e1ndoles los conocimientos y competencias que exige el mercado laboral nicarag\u00fcense e internacional.<\/p>\n<\/div>\n\n\n\n<div class=\"wp-block-column is-layout-flow wp-block-column-is-layout-flow\">\n<p class=\"has-text-align-center has-black-color has-pale-cyan-blue-background-color has-text-color has-background\">VISI\u00d3N <\/p>\n\n\n\n<p style=\"font-size:15px\" align=\"justify\">Consolidarnos como un instituto t\u00e9cnico de prestigio, reconocido por la calidad y pertinencia de sus programas formativos, proporcionando a nuestros estudiantes herramientas te\u00f3ricas y pr\u00e1cticas que les permitan desarrollar un perfil de egreso alineado con las demandas del mercado laboral, todo ello sustentado en principios \u00e9ticos y valores institucionales.\nEn nuestra organizaci\u00f3n, nos regimos por un conjunto de valores fundamentales que gu\u00edan nuestras acciones y decisiones, promoviendo un ambiente de confianza, justicia y compromiso.\n<\/p>\n<\/div>\n<\/div>\n<\/div><\/div>\n\n\n\n<p><strong><u>Nuestro Cursos:<\/u><\/strong><\/p>\n\n\n\n<p style=\"font-size:15px\" align=\"justify\">En ITSI otorgamos un especial \u00e9nfasis a la calidad de nuestro cuerpo docente.\nContamos con profesionales de amplia trayectoria pr\u00e1ctica en sus respectivas \u00e1reas, lo que garantiza una formaci\u00f3n s\u00f3lida y actualizada. Nuestros cursos est\u00e1n certificados por INATEC, lo que respalda la calidad y validez de nuestra oferta acad\u00e9mica.\nTanto el equipo docente como el personal administrativo acompa\u00f1an a los estudiantes a lo largo de todo su proceso formativo, brindando un entorno de apoyo y compromiso. M\u00e1s all\u00e1 de impartir conocimientos, nuestros docentes se destacan por ser facilitadores accesibles, proactivos y comprometidos, que promueven un aprendizaje integral y significativo.\n<\/p>\n\n\n<p style=\"font-size:15px\">Pilares en los que se fundamenta nuestro Trabajo: \n<br>\n\nRespeto <br>\n\nEquidad <br>\n\nHonestidad <br>\n\nResponsabilidad <br>\n\nLealtad\n<\/p>\n","protected":false},"excerpt":{"rendered":"<p>Nuestra Historia El Instituto T\u00e9cnico ITSI. Es un centro de capacitaci\u00f3n especializado en el \u00e1rea de computaci\u00f3n, adscrito al Instituto Nacional Tecnol\u00f3gico (INATEC). Su misi\u00f3n es formar talento humano altamente capacitado en los sectores de tecnolog\u00eda, administraci\u00f3n y comercio, contribuyendo as\u00ed al desarrollo profesional y productivo del pa\u00eds. Despu\u00e9s de m\u00e1s de dos d\u00e9cadas de&hellip;<\/p>\n<p class=\"more-link\"><a href=\"https:\/\/www.itsi.edu.ni\/\" class=\"themebutton2\">Leer m\u00e1s<\/a><\/p>\n","protected":false},"author":1,"featured_media":0,"parent":2,"menu_order":-2,"comment_status":"closed","ping_status":"closed","template":"","meta":{"footnotes":""},"class_list":["post-386","page","type-page","status-publish","hentry"],"jetpack_sharing_enabled":true,"_links":{"self":[{"href":"https:\/\/www.itsi.edu.ni\/index.php?rest_route=\/wp\/v2\/pages\/386","targetHints":{"allow":["GET"]}}],"collection":[{"href":"https:\/\/www.itsi.edu.ni\/index.php?rest_route=\/wp\/v2\/pages"}],"about":[{"href":"https:\/\/www.itsi.edu.ni\/index.php?rest_route=\/wp\/v2\/types\/page"}],"author":[{"embeddable":true,"href":"https:\/\/www.itsi.edu.ni\/index.php?rest_route=\/wp\/v2\/users\/1"}],"replies":[{"embeddable":true,"href":"https:\/\/www.itsi.edu.ni\/index.php?rest_route=%2Fwp%2Fv2%2Fcomments&post=386"}],"version-history":[{"count":35,"href":"https:\/\/www.itsi.edu.ni\/index.php?rest_route=\/wp\/v2\/pages\/386\/revisions"}],"predecessor-version":[{"id":2582,"href":"https:\/\/www.itsi.edu.ni\/index.php?rest_route=\/wp\/v2\/pages\/386\/revisions\/2582"}],"up":[{"embeddable":true,"href":"https:\/\/www.itsi.edu.ni\/index.php?rest_route=\/wp\/v2\/pages\/2"}],"wp:attachment":[{"href":"https:\/\/www.itsi.edu.ni\/index.php?rest_route=%2Fwp%2Fv2%2Fmedia&parent=386"}],"curies":[{"name":"wp","href":"https:\/\/api.w.org\/{rel}","templated":true}]}}