{"id":28,"date":"2020-08-28T19:09:13","date_gmt":"2020-08-28T19:09:13","guid":{"rendered":"https:\/\/www.itsi.edu.ni\/?page_id=28"},"modified":"2025-09-25T21:26:17","modified_gmt":"2025-09-25T21:26:17","slug":"contacto","status":"publish","type":"page","link":"https:\/\/www.itsi.edu.ni\/?page_id=28","title":{"rendered":"CONTACTO"},"content":{"rendered":"\n<div class=\"wp-block-group\"><div class=\"wp-block-group__inner-container is-layout-flow wp-block-group-is-layout-flow\">\n<div class=\"wp-block-group alignfull ext ext-py-lg editor:no-inserter\"><div class=\"wp-block-group__inner-container is-layout-flow wp-block-group-is-layout-flow\">\n<div class=\"wp-block-columns alignwide tablet:fullwidth-cols is-layout-flex wp-container-core-columns-is-layout-9d6595d7 wp-block-columns-is-layout-flex\">\n<div class=\"wp-block-column is-layout-flow wp-block-column-is-layout-flow\">\n<h5 class=\"has-text-align-center has-ext-large-font-size wp-block-heading\" id=\"vestibulum-id-ligula-porta-felis-euismod-semper-nullam-quis-risus-eget-urna-mollis-ornare-velo\">    <\/h5>\n\n\n\n<p> Contamos con dos sucursales en Managua. Vis\u00edtanos en cualquiera de nuestras ubicaciones. <br>Redes: \n<li>Facebook: Instituto.ITSI<\/li> \n<li>Instagram : Instituto.itsi<\/li>\n<\/p>\n<\/div>\n\n\n\n<div class=\"wp-block-column is-layout-flow wp-block-column-is-layout-flow\">\n<H2>BELLO HORIZONTE<\/H2><li>Managua: Multicentro Las Am\u00e9ricas 1c norte, costado norte del Hotel Hex +505 8218-3628. <li>2249-6599\/7688-3279<\/li> <li> capacitacion1@itsi.edu.ni <\/li>\n<\/div>\n\n\n\n<div class=\"wp-block-column is-layout-flow wp-block-column-is-layout-flow\">\n<H2>ALTAMIRA<\/H2><li>Calle principal de Altamira de Farmacia Kielsa, 1c norte, 75vrs al oeste +505 8283-9863.<\/li><li>Tel. 2270-7633\/7688-3279<\/li><li>capacitacion@itsi.edu.ni<\/li><\/ul>\n<\/div>\n<\/div>\n<\/div><\/div>\n<\/div><\/div>\n\n\n\n<div class=\"wpcf7 no-js\" id=\"wpcf7-f177-o1\" lang=\"es-ES\" dir=\"ltr\" data-wpcf7-id=\"177\">\n<div class=\"screen-reader-response\"><p role=\"status\" aria-live=\"polite\" aria-atomic=\"true\"><\/p> <ul><\/ul><\/div>\n<form action=\"\/index.php?rest_route=%2Fwp%2Fv2%2Fpages%2F28#wpcf7-f177-o1\" method=\"post\" class=\"wpcf7-form init\" aria-label=\"Formulario de contacto\" novalidate=\"novalidate\" data-status=\"init\">\n<fieldset class=\"hidden-fields-container\"><input type=\"hidden\" name=\"_wpcf7\" value=\"177\" \/><input type=\"hidden\" name=\"_wpcf7_version\" value=\"6.1.5\" \/><input type=\"hidden\" name=\"_wpcf7_locale\" value=\"es_ES\" \/><input type=\"hidden\" name=\"_wpcf7_unit_tag\" value=\"wpcf7-f177-o1\" \/><input type=\"hidden\" name=\"_wpcf7_container_post\" value=\"0\" \/><input type=\"hidden\" name=\"_wpcf7_posted_data_hash\" value=\"\" \/>\n<\/fieldset>\n<p><label> Tu nombre (obligatorio)<br \/>\n<span class=\"wpcf7-form-control-wrap\" data-name=\"your-name\"><input size=\"40\" maxlength=\"400\" class=\"wpcf7-form-control wpcf7-text wpcf7-validates-as-required\" aria-required=\"true\" aria-invalid=\"false\" value=\"\" type=\"text\" name=\"your-name\" \/><\/span> <\/label>\n<\/p>\n<p><label> Tu correo electr\u00f3nico (obligatorio)<br \/>\n<span class=\"wpcf7-form-control-wrap\" data-name=\"your-email\"><input size=\"40\" maxlength=\"400\" class=\"wpcf7-form-control wpcf7-email wpcf7-validates-as-required wpcf7-text wpcf7-validates-as-email\" aria-required=\"true\" aria-invalid=\"false\" value=\"\" type=\"email\" name=\"your-email\" \/><\/span> <\/label>\n<\/p>\n<p><label> Tu mensaje<br \/>\n<span class=\"wpcf7-form-control-wrap\" data-name=\"your-message\"><textarea cols=\"40\" rows=\"10\" maxlength=\"2000\" class=\"wpcf7-form-control wpcf7-textarea wpcf7-validates-as-required\" aria-required=\"true\" aria-invalid=\"false\" name=\"your-message\"><\/textarea><\/span> <\/label>\n<\/p>\n<p><label> Curso<br \/>\n<span class=\"wpcf7-form-control-wrap dsm-contact-form-7-select\" data-name=\"your-curso\"><select class=\"wpcf7-form-control wpcf7-select et_pb_contact_select input\" aria-invalid=\"false\" name=\"your-curso\"><option value=\"Windows y Office E Internet\">Windows y Office E Internet<\/option><option value=\"Contabilidad B\u00e1sica\">Contabilidad B\u00e1sica<\/option><option value=\"English AI Breakthough\">English AI Breakthough<\/option><option value=\"Instalaci\u00f3n y Mantenimiento de PC\">Instalaci\u00f3n y Mantenimiento de PC<\/option><option value=\"Elaboraci\u00f3n de Ilustaciones\">Elaboraci\u00f3n de Ilustaciones<\/option><option value=\"Excel B\u00e1sico\">Excel B\u00e1sico<\/option><option value=\"Excel Financiero\">Excel Financiero<\/option><option value=\"Excel Avanzado\">Excel Avanzado<\/option><option value=\"Excel Intermedio\">Excel Intermedio<\/option><option value=\"Operaciones del Proceso Administrativo\">Operaciones del Proceso Administrativo<\/option><option value=\"Elaboraci\u00f3n de Redacci\u00f3n de informe T\u00e9cnico\">Elaboraci\u00f3n de Redacci\u00f3n de informe T\u00e9cnico<\/option><option value=\"T\u00e9cnicas de Atenci\u00f3n al Cliente y Estrategia de Ventas\">T\u00e9cnicas de Atenci\u00f3n al Cliente y Estrategia de Ventas<\/option><option value=\"Liderazgo\">Liderazgo<\/option><option value=\"Creaci\u00f3n de P\u00e1gina Web\">Creaci\u00f3n de P\u00e1gina Web<\/option><option value=\"Atenci\u00f3n al Cliente\">Atenci\u00f3n al Cliente<\/option><option value=\"Operaciones Caja y Banco\">Operaciones Caja y Banco<\/option><option value=\"Infraestructura de Red\">Infraestructura de Red<\/option><\/select><\/span><br \/>\n<\/label>\n<\/p>\n<p><label> Modalidad<br \/>\n<span class=\"wpcf7-form-control-wrap dsm-contact-form-7-select\" data-name=\"your-modalidad\"><select class=\"wpcf7-form-control wpcf7-select et_pb_contact_select input\" aria-invalid=\"false\" name=\"your-modalidad\"><option value=\"Regular\">Regular<\/option><option value=\"Sabatino\">Sabatino<\/option><option value=\"Dominical\">Dominical<\/option><\/select><\/span><br \/>\n<\/label>\n<\/p>\n<p><button class=\"wpcf7-form-control wpcf7-submit has-spinner et_pb_button et_pb_bg_layout_light\" type=\"submit\" value=\"Enviar\">Enviar<\/button>\n<\/p><p style=\"display: none !important;\" class=\"akismet-fields-container\" data-prefix=\"_wpcf7_ak_\"><label>&#916;<textarea name=\"_wpcf7_ak_hp_textarea\" cols=\"45\" rows=\"8\" maxlength=\"100\"><\/textarea><\/label><input type=\"hidden\" id=\"ak_js_1\" name=\"_wpcf7_ak_js\" value=\"169\"\/><script>document.getElementById( \"ak_js_1\" ).setAttribute( \"value\", ( new Date() ).getTime() );<\/script><\/p><div class=\"wpcf7-response-output\" aria-hidden=\"true\"><\/div>\n<\/form>\n<\/div>\n\n\n\n\n<div class=\"wp-block-group alignfull ext editor:no-inserter ext-py-lg ext-my-0\"><div class=\"wp-block-group__inner-container is-layout-flow wp-block-group-is-layout-flow\"><\/div><\/div>\n\n\n\n<div class=\"wp-block-buttons is-layout-flex wp-block-buttons-is-layout-flex\"><\/div>\n","protected":false},"excerpt":{"rendered":"<p>Contamos con dos sucursales en Managua. Vis\u00edtanos en cualquiera de nuestras ubicaciones. Redes: Facebook: Instituto.ITSI Instagram : Instituto.itsi BELLO HORIZONTE Managua: Multicentro Las Am\u00e9ricas 1c norte, costado norte del Hotel Hex +505 8218-3628. 2249-6599\/7688-3279 capacitacion1@itsi.edu.ni ALTAMIRA Calle principal de Altamira de Farmacia Kielsa, 1c norte, 75vrs al oeste +505 8283-9863. Tel. 2270-7633\/7688-3279 capacitacion@itsi.edu.ni<\/p>\n","protected":false},"author":1,"featured_media":29,"parent":0,"menu_order":0,"comment_status":"closed","ping_status":"closed","template":"","meta":{"footnotes":""},"class_list":["post-28","page","type-page","status-publish","has-post-thumbnail","hentry"],"jetpack_sharing_enabled":true,"_links":{"self":[{"href":"https:\/\/www.itsi.edu.ni\/index.php?rest_route=\/wp\/v2\/pages\/28","targetHints":{"allow":["GET"]}}],"collection":[{"href":"https:\/\/www.itsi.edu.ni\/index.php?rest_route=\/wp\/v2\/pages"}],"about":[{"href":"https:\/\/www.itsi.edu.ni\/index.php?rest_route=\/wp\/v2\/types\/page"}],"author":[{"embeddable":true,"href":"https:\/\/www.itsi.edu.ni\/index.php?rest_route=\/wp\/v2\/users\/1"}],"replies":[{"embeddable":true,"href":"https:\/\/www.itsi.edu.ni\/index.php?rest_route=%2Fwp%2Fv2%2Fcomments&post=28"}],"version-history":[{"count":84,"href":"https:\/\/www.itsi.edu.ni\/index.php?rest_route=\/wp\/v2\/pages\/28\/revisions"}],"predecessor-version":[{"id":1393,"href":"https:\/\/www.itsi.edu.ni\/index.php?rest_route=\/wp\/v2\/pages\/28\/revisions\/1393"}],"wp:featuredmedia":[{"embeddable":true,"href":"https:\/\/www.itsi.edu.ni\/index.php?rest_route=\/wp\/v2\/media\/29"}],"wp:attachment":[{"href":"https:\/\/www.itsi.edu.ni\/index.php?rest_route=%2Fwp%2Fv2%2Fmedia&parent=28"}],"curies":[{"name":"wp","href":"https:\/\/api.w.org\/{rel}","templated":true}]}}